{"id":17,"date":"2026-02-16T16:42:00","date_gmt":"2026-02-16T16:42:00","guid":{"rendered":"https:\/\/grmusa.ch\/wordpress\/index.php\/hauswartung-2\/"},"modified":"2026-03-27T21:35:48","modified_gmt":"2026-03-27T21:35:48","slug":"hauswartung-2","status":"publish","type":"page","link":"https:\/\/grmusa.ch\/?page_id=17","title":{"rendered":"Hauswartung"},"content":{"rendered":"\n<p class=\"has-text-align-left has-medium-font-size\"><em><strong>Regelm\u00e4ssige Betreuung, klare Abl\u00e4ufe und ein gepflegtes Erscheinungsbild Ihrer Liegenschaft.<\/strong><\/em><\/p>\n\n\n\n<ul class=\"wp-block-list\">\n<li>Kontrollg\u00e4nge &amp; Zustands\u00fcberwachung<\/li>\n\n\n\n<li>Reinigung von Allgemeinr\u00e4umen<\/li>\n\n\n\n<li>Kleinreparaturen<\/li>\n\n\n\n<li>Betreuung der Umgebung<\/li>\n\n\n\n<li>Koordination externer Handwerker<\/li>\n\n\n\n<li>Pers\u00f6nlicher Ansprechpartner f\u00fcr Eigent\u00fcmer &amp; Mieter<\/li>\n<\/ul>\n\n\n\n<p>Qualit\u00e4t zeigt sich im Detail.<\/p>\n\n\n","protected":false},"excerpt":{"rendered":"<p>Regelm\u00e4ssige Betreuung, klare Abl\u00e4ufe und ein gepflegtes Erscheinungsbild Ihrer Liegenschaft. Qualit\u00e4t zeigt sich im Detail.<\/p>\n","protected":false},"author":1,"featured_media":160,"parent":0,"menu_order":0,"comment_status":"closed","ping_status":"closed","template":"","meta":{"footnotes":""},"class_list":["post-17","page","type-page","status-publish","has-post-thumbnail","hentry"],"yoast_head":"<!-- This site is optimized with the Yoast SEO plugin v26.9 - https:\/\/yoast.com\/product\/yoast-seo-wordpress\/ -->\n<title>Hauswartung - Facility Management - Wettingen<\/title>\n<meta name=\"robots\" content=\"index, follow, max-snippet:-1, max-image-preview:large, max-video-preview:-1\" \/>\n<link rel=\"canonical\" href=\"https:\/\/grmusa.ch\/?page_id=17\" \/>\n<meta property=\"og:locale\" content=\"de_DE\" \/>\n<meta property=\"og:type\" content=\"article\" \/>\n<meta property=\"og:title\" content=\"Hauswartung - Facility Management - Wettingen\" \/>\n<meta property=\"og:description\" content=\"Regelm\u00e4ssige Betreuung, klare Abl\u00e4ufe und ein gepflegtes Erscheinungsbild Ihrer Liegenschaft. Qualit\u00e4t zeigt sich im Detail.\" \/>\n<meta property=\"og:url\" content=\"https:\/\/grmusa.ch\/?page_id=17\" \/>\n<meta property=\"og:site_name\" content=\"Facility Management - Wettingen\" \/>\n<meta property=\"article:modified_time\" content=\"2026-03-27T21:35:48+00:00\" \/>\n<meta property=\"og:image\" content=\"https:\/\/grmusa.ch\/wordpress\/wp-content\/uploads\/2026\/03\/ha-1024x576.jpg\" \/>\n\t<meta property=\"og:image:width\" content=\"1024\" \/>\n\t<meta property=\"og:image:height\" content=\"576\" \/>\n\t<meta property=\"og:image:type\" content=\"image\/jpeg\" \/>\n<meta name=\"twitter:card\" content=\"summary_large_image\" \/>\n<meta name=\"twitter:label1\" content=\"Gesch\u00e4tzte Lesezeit\" \/>\n\t<meta name=\"twitter:data1\" content=\"1\u00a0Minute\" \/>\n<script type=\"application\/ld+json\" class=\"yoast-schema-graph\">{\"@context\":\"https:\/\/schema.org\",\"@graph\":[{\"@type\":\"WebPage\",\"@id\":\"https:\/\/grmusa.ch\/?page_id=17\",\"url\":\"https:\/\/grmusa.ch\/?page_id=17\",\"name\":\"Hauswartung - Facility Management - Wettingen\",\"isPartOf\":{\"@id\":\"https:\/\/grmusa.ch\/#website\"},\"primaryImageOfPage\":{\"@id\":\"https:\/\/grmusa.ch\/?page_id=17#primaryimage\"},\"image\":{\"@id\":\"https:\/\/grmusa.ch\/?page_id=17#primaryimage\"},\"thumbnailUrl\":\"https:\/\/grmusa.ch\/wordpress\/wp-content\/uploads\/2026\/03\/ha.jpg\",\"datePublished\":\"2026-02-16T16:42:00+00:00\",\"dateModified\":\"2026-03-27T21:35:48+00:00\",\"breadcrumb\":{\"@id\":\"https:\/\/grmusa.ch\/?page_id=17#breadcrumb\"},\"inLanguage\":\"de\",\"potentialAction\":[{\"@type\":\"ReadAction\",\"target\":[\"https:\/\/grmusa.ch\/?page_id=17\"]}]},{\"@type\":\"ImageObject\",\"inLanguage\":\"de\",\"@id\":\"https:\/\/grmusa.ch\/?page_id=17#primaryimage\",\"url\":\"https:\/\/grmusa.ch\/wordpress\/wp-content\/uploads\/2026\/03\/ha.jpg\",\"contentUrl\":\"https:\/\/grmusa.ch\/wordpress\/wp-content\/uploads\/2026\/03\/ha.jpg\",\"width\":2560,\"height\":1440,\"caption\":\"z\"},{\"@type\":\"BreadcrumbList\",\"@id\":\"https:\/\/grmusa.ch\/?page_id=17#breadcrumb\",\"itemListElement\":[{\"@type\":\"ListItem\",\"position\":1,\"name\":\"Start\",\"item\":\"https:\/\/grmusa.ch\/\"},{\"@type\":\"ListItem\",\"position\":2,\"name\":\"Hauswartung\"}]},{\"@type\":\"WebSite\",\"@id\":\"https:\/\/grmusa.ch\/#website\",\"url\":\"https:\/\/grmusa.ch\/\",\"name\":\"Facility Management - Wettingen\",\"description\":\"\",\"publisher\":{\"@id\":\"https:\/\/grmusa.ch\/#organization\"},\"potentialAction\":[{\"@type\":\"SearchAction\",\"target\":{\"@type\":\"EntryPoint\",\"urlTemplate\":\"https:\/\/grmusa.ch\/?s={search_term_string}\"},\"query-input\":{\"@type\":\"PropertyValueSpecification\",\"valueRequired\":true,\"valueName\":\"search_term_string\"}}],\"inLanguage\":\"de\"},{\"@type\":\"Organization\",\"@id\":\"https:\/\/grmusa.ch\/#organization\",\"name\":\"Facility Management - Wettingen\",\"url\":\"https:\/\/grmusa.ch\/\",\"logo\":{\"@type\":\"ImageObject\",\"inLanguage\":\"de\",\"@id\":\"https:\/\/grmusa.ch\/#\/schema\/logo\/image\/\",\"url\":\"https:\/\/grmusa.ch\/wordpress\/wp-content\/uploads\/2026\/02\/grmusa.jpg\",\"contentUrl\":\"https:\/\/grmusa.ch\/wordpress\/wp-content\/uploads\/2026\/02\/grmusa.jpg\",\"width\":900,\"height\":487,\"caption\":\"Facility Management - Wettingen\"},\"image\":{\"@id\":\"https:\/\/grmusa.ch\/#\/schema\/logo\/image\/\"}}]}<\/script>\n<!-- \/ Yoast SEO plugin. -->","yoast_head_json":{"title":"Hauswartung - Facility Management - Wettingen","robots":{"index":"index","follow":"follow","max-snippet":"max-snippet:-1","max-image-preview":"max-image-preview:large","max-video-preview":"max-video-preview:-1"},"canonical":"https:\/\/grmusa.ch\/?page_id=17","og_locale":"de_DE","og_type":"article","og_title":"Hauswartung - Facility Management - Wettingen","og_description":"Regelm\u00e4ssige Betreuung, klare Abl\u00e4ufe und ein gepflegtes Erscheinungsbild Ihrer Liegenschaft. Qualit\u00e4t zeigt sich im Detail.","og_url":"https:\/\/grmusa.ch\/?page_id=17","og_site_name":"Facility Management - Wettingen","article_modified_time":"2026-03-27T21:35:48+00:00","og_image":[{"width":1024,"height":576,"url":"https:\/\/grmusa.ch\/wordpress\/wp-content\/uploads\/2026\/03\/ha-1024x576.jpg","type":"image\/jpeg"}],"twitter_card":"summary_large_image","twitter_misc":{"Gesch\u00e4tzte Lesezeit":"1\u00a0Minute"},"schema":{"@context":"https:\/\/schema.org","@graph":[{"@type":"WebPage","@id":"https:\/\/grmusa.ch\/?page_id=17","url":"https:\/\/grmusa.ch\/?page_id=17","name":"Hauswartung - Facility Management - Wettingen","isPartOf":{"@id":"https:\/\/grmusa.ch\/#website"},"primaryImageOfPage":{"@id":"https:\/\/grmusa.ch\/?page_id=17#primaryimage"},"image":{"@id":"https:\/\/grmusa.ch\/?page_id=17#primaryimage"},"thumbnailUrl":"https:\/\/grmusa.ch\/wordpress\/wp-content\/uploads\/2026\/03\/ha.jpg","datePublished":"2026-02-16T16:42:00+00:00","dateModified":"2026-03-27T21:35:48+00:00","breadcrumb":{"@id":"https:\/\/grmusa.ch\/?page_id=17#breadcrumb"},"inLanguage":"de","potentialAction":[{"@type":"ReadAction","target":["https:\/\/grmusa.ch\/?page_id=17"]}]},{"@type":"ImageObject","inLanguage":"de","@id":"https:\/\/grmusa.ch\/?page_id=17#primaryimage","url":"https:\/\/grmusa.ch\/wordpress\/wp-content\/uploads\/2026\/03\/ha.jpg","contentUrl":"https:\/\/grmusa.ch\/wordpress\/wp-content\/uploads\/2026\/03\/ha.jpg","width":2560,"height":1440,"caption":"z"},{"@type":"BreadcrumbList","@id":"https:\/\/grmusa.ch\/?page_id=17#breadcrumb","itemListElement":[{"@type":"ListItem","position":1,"name":"Start","item":"https:\/\/grmusa.ch\/"},{"@type":"ListItem","position":2,"name":"Hauswartung"}]},{"@type":"WebSite","@id":"https:\/\/grmusa.ch\/#website","url":"https:\/\/grmusa.ch\/","name":"Facility Management - Wettingen","description":"","publisher":{"@id":"https:\/\/grmusa.ch\/#organization"},"potentialAction":[{"@type":"SearchAction","target":{"@type":"EntryPoint","urlTemplate":"https:\/\/grmusa.ch\/?s={search_term_string}"},"query-input":{"@type":"PropertyValueSpecification","valueRequired":true,"valueName":"search_term_string"}}],"inLanguage":"de"},{"@type":"Organization","@id":"https:\/\/grmusa.ch\/#organization","name":"Facility Management - Wettingen","url":"https:\/\/grmusa.ch\/","logo":{"@type":"ImageObject","inLanguage":"de","@id":"https:\/\/grmusa.ch\/#\/schema\/logo\/image\/","url":"https:\/\/grmusa.ch\/wordpress\/wp-content\/uploads\/2026\/02\/grmusa.jpg","contentUrl":"https:\/\/grmusa.ch\/wordpress\/wp-content\/uploads\/2026\/02\/grmusa.jpg","width":900,"height":487,"caption":"Facility Management - Wettingen"},"image":{"@id":"https:\/\/grmusa.ch\/#\/schema\/logo\/image\/"}}]}},"_links":{"self":[{"href":"https:\/\/grmusa.ch\/index.php?rest_route=\/wp\/v2\/pages\/17","targetHints":{"allow":["GET"]}}],"collection":[{"href":"https:\/\/grmusa.ch\/index.php?rest_route=\/wp\/v2\/pages"}],"about":[{"href":"https:\/\/grmusa.ch\/index.php?rest_route=\/wp\/v2\/types\/page"}],"author":[{"embeddable":true,"href":"https:\/\/grmusa.ch\/index.php?rest_route=\/wp\/v2\/users\/1"}],"replies":[{"embeddable":true,"href":"https:\/\/grmusa.ch\/index.php?rest_route=%2Fwp%2Fv2%2Fcomments&post=17"}],"version-history":[{"count":15,"href":"https:\/\/grmusa.ch\/index.php?rest_route=\/wp\/v2\/pages\/17\/revisions"}],"predecessor-version":[{"id":155,"href":"https:\/\/grmusa.ch\/index.php?rest_route=\/wp\/v2\/pages\/17\/revisions\/155"}],"wp:featuredmedia":[{"embeddable":true,"href":"https:\/\/grmusa.ch\/index.php?rest_route=\/wp\/v2\/media\/160"}],"wp:attachment":[{"href":"https:\/\/grmusa.ch\/index.php?rest_route=%2Fwp%2Fv2%2Fmedia&parent=17"}],"curies":[{"name":"wp","href":"https:\/\/api.w.org\/{rel}","templated":true}]}}